{"id":11,"date":"2024-03-10T16:59:52","date_gmt":"2024-03-10T15:59:52","guid":{"rendered":"http:\/\/siteducerisier.fr\/cclrbg\/?page_id=11"},"modified":"2025-04-29T10:44:37","modified_gmt":"2025-04-29T08:44:37","slug":"bienvenue","status":"publish","type":"page","link":"https:\/\/siteducerisier.fr\/cclrbg\/","title":{"rendered":"Bienvenue !"},"content":{"rendered":"\n<p>Vous \u00eates sur le site du <strong>Collectif Citoyen La Roche-Blanche Gergovie<\/strong>, des citoyennes et des citoyens de la commune qui souhaitent s&#8217;investir et \u00eatre force de proposition.<\/p>\n<p>Quatre dossiers \u00e0 parcourir ci-dessous :<\/p>\n<ul>\n<li><strong>Maison Griffon (<a href=\"https:\/\/www.siteducerisier.fr\/cerisier\/Site%20CCLRBG\/20240928_VisiteDuCh%C3%A2teauDeMerdogneAGergovie-2023-24.mp4\" target=\"_blank\" rel=\"noopener\">visite virtuelle de la Maison Griffon<\/a>).<\/strong><\/li>\n<li><strong>Plan local d&#8217;Urbanisme intercommunautaire (au point mort).<\/strong><\/li>\n<li><strong><a href=\"https:\/\/www.fermedesarlieve.org\/\" target=\"_blank\" rel=\"noopener\">Ferme de Sarli\u00e8ve<\/a>.<\/strong><\/li>\n<li><strong><a href=\"https:\/\/www.siteducerisier.fr\/cerisier\/Site%20CCLRBG\/flyer_CCLRBG_20221022_CVert.pdf\" target=\"_blank\" rel=\"noopener\">Qui sommes-nous ?<\/a> &#8211; flyer de pr\u00e9sentation du CCLRBG.<br \/><\/strong><\/li>\n<\/ul>\n<h2>Actualit\u00e9s mises \u00e0 jour le 29 avril 2025<\/h2>\n<h3>Maison Griffon<\/h3>\n<p><strong>11 avril : <\/strong>Mise \u00e0 jour &#8211; <a href=\"https:\/\/www.siteducerisier.fr\/cerisier\/Site%20CCLRBG\/2025%2004%2017%20-%20Historique%20-%20Le%20chateau%20La%20Mairie%20et%20nous.pdf\" target=\"_blank\" rel=\"noopener\">historique : le Ch\u00e2teau, la municipalit\u00e9 et nous<\/a> (Gergo&#8217;Vit, Association du Site de Gergovie, CCLRBG).<\/p>\n<h5 style=\"text-align: center;\"><span style=\"color: #ffffff; background-color: #0000ff;\">R\u00e9union publique pour l&#8217;avenir d&#8217;un patrimoine en p\u00e9ril.<\/span><\/h5>\n<p><strong>14 mars 2025 : <a href=\"https:\/\/www.siteducerisier.fr\/cerisier\/Site%20CCLRBG\/20250314_%C3%80%20Gergovie%20le%20c%C5%93ur%20du%20village%20va-t-il%20cesser%20de%20battre.pdf\" target=\"_blank\" rel=\"noopener\">article &#8211; compte-rendu<\/a> suite \u00e0 la r\u00e9union publique. <br \/><\/strong><\/p>\n<p>7<strong> mars 2025 :<\/strong> <a href=\"https:\/\/www.siteducerisier.fr\/cerisier\/Site%20CCLRBG\/20250307_Pr%C3%A9sentation%20maison%20Griffon.pdf\">Pr\u00e9sentation de la maison Griffon<\/a>. Un dossier complet pour tout savoir : l&#8217;histoire, l&#8217;\u00e9tat des lieux, le projet.<\/p>\n<p><strong>7 mars 2025 :<\/strong> <a href=\"https:\/\/www.siteducerisier.fr\/cerisier\/Site%20CCLRBG\/20250307_r%C3%A9union%20publique.pdf\" target=\"_blank\" rel=\"noopener\">r\u00e9union publique<\/a> \u00e0 MLT \u00e0 19h.<\/p>\n<p><strong>Fin f\u00e9vrier 2025 :<\/strong> dans la lettre <strong>Vivre ! @ La Roche Blanche Gergovie<\/strong>, le Maire, <a href=\"https:\/\/www.siteducerisier.fr\/cerisier\/Site%20CCLRBG\/Lettre%20mars%202025%20_%20Mairie.pdf\" target=\"_blank\" rel=\"noopener\">Jean-Pierre Roussel<\/a> \u00e9crit &#8220;<em>Nous avons donc contact\u00e9 des priv\u00e9s qui pourraient \u00eatre acheteurs du site Griffon pour y d\u00e9ployer une activit\u00e9 \u00e9conomique<\/em>&#8220;.<\/p>\n<p>Documents d&#8217;archives d\u00e9pos\u00e9s le <strong>27 f\u00e9vrier 2025<\/strong> :<\/p>\n<ul>\n<li>25 novembre 2024 : <a href=\"https:\/\/www.siteducerisier.fr\/cerisier\/Site%20CCLRBG\/Ch%C3%A2teau%20de%20merdogne%20%C3%A0%20lrb-etude_de_defenition_de_couts_bati_programm.pdf\" target=\"_blank\" rel=\"noopener\">expertise de Bati-Programme<\/a> demand\u00e9e par la Mairie.<\/li>\n<li>13 janvier 2021 : visite de l&#8217;<a href=\"https:\/\/www.siteducerisier.fr\/cerisier\/Site%20CCLRBG\/2021%2001%2013%20-%20CR%20de%20visite%20ABF%20du%2013%2001%202021.pdf\" target=\"_blank\" rel=\"noopener\">Architecte des B\u00e2timents de France<\/a>.<\/li>\n<li>2015-2024 : suivi <a href=\"https:\/\/www.siteducerisier.fr\/cerisier\/Site%20CCLRBG\/D%C3%A9gradations%20toiture%20%282015-2024%29.pdf\" target=\"_blank\" rel=\"noopener\">photos des d\u00e9gradations<\/a> de la toiture.<\/li>\n<\/ul>\n<p><strong>25 janvier 2025 :<\/strong><a href=\"https:\/\/www.siteducerisier.fr\/cerisier\/Site%20CCLRBG\/2025%2001%2018%20-%20Lettre%20aux%20habitants%20de%20la%20Roche%20Blanche%20Gergovie.pdf\" target=\"_blank\" rel=\"noopener\"> Lettre aux habitants<\/a> de La Roche-Blanche Gergovie publi\u00e9e par le Groupe de travail associatif &#8220;Maison Griffon&#8221;.<\/p>\n<p><strong>12 octobre 2024 :<\/strong> <a href=\"http:\/\/www.siteducerisier.fr\/cerisier\/Site%20CCLRBG\/2024%2010%2012%20-%20Lettre%20au%20Maire.pdf\" target=\"_blank\" rel=\"noopener\">lettre \u00e0 M. le Maire<\/a> de La Roche-Blanche<\/p>\n<p><strong>28 septembre 2024 :<\/strong> d\u00e9couvrez la <a href=\"https:\/\/www.siteducerisier.fr\/cerisier\/Site%20CCLRBG\/20240928_VisiteDuCh%C3%A2teauDeMerdogneAGergovie-2023-24.mp4\" target=\"_blank\" rel=\"noopener\">Maison Griffon en visite virtuelle<\/a>.<\/p>\n<p>Le<strong> 3 janvier 2024<\/strong>, le groupe de travail &#8220;Gergovie C\u0153ur de Village&#8221; a rencontr\u00e9 M. Le Maire (<a href=\"https:\/\/www.siteducerisier.fr\/cerisier\/Site%20CCLRBG\/2024%2001%2003%20-%20CR%20-%20GroupeGriffon-Mairie%20du%203%201%202024.pdf\" target=\"_blank\" rel=\"noopener\">compte-rendu<\/a>).<\/p>\n<p><img loading=\"lazy\" decoding=\"async\" class=\"wp-image-107 alignright\" src=\"https:\/\/siteducerisier.fr\/cclrbg\/wp-content\/uploads\/2023\/03\/PBrignon_Griffon_IMG_20221011_161207_A-300x227.jpg\" alt=\"\u00c9glise et maison Griffon \u00e0 Gergovie\" width=\"225\" height=\"171\" srcset=\"https:\/\/siteducerisier.fr\/cclrbg\/wp-content\/uploads\/2023\/03\/PBrignon_Griffon_IMG_20221011_161207_A-300x227.jpg 300w, https:\/\/siteducerisier.fr\/cclrbg\/wp-content\/uploads\/2023\/03\/PBrignon_Griffon_IMG_20221011_161207_A-1024x774.jpg 1024w, https:\/\/siteducerisier.fr\/cclrbg\/wp-content\/uploads\/2023\/03\/PBrignon_Griffon_IMG_20221011_161207_A-768x580.jpg 768w, https:\/\/siteducerisier.fr\/cclrbg\/wp-content\/uploads\/2023\/03\/PBrignon_Griffon_IMG_20221011_161207_A-1536x1160.jpg 1536w, https:\/\/siteducerisier.fr\/cclrbg\/wp-content\/uploads\/2023\/03\/PBrignon_Griffon_IMG_20221011_161207_A-2048x1547.jpg 2048w, https:\/\/siteducerisier.fr\/cclrbg\/wp-content\/uploads\/2023\/03\/PBrignon_Griffon_IMG_20221011_161207_A-1200x907.jpg 1200w\" sizes=\"auto, (max-width: 225px) 85vw, 225px\" \/><\/p>\n<p>Le <strong>16 septembre 2023<\/strong> a \u00e9t\u00e9 une belle journ\u00e9e de <a href=\"https:\/\/www.siteducerisier.fr\/cerisier\/Site%20CCLRBG\/MG%20LA%20MONTAGNE%2020230916.jpg\" target=\"_blank\" rel=\"noopener\">visite de la maison Griffon<\/a> de Gergovie \u00e0 l&#8217;occasion de la journ\u00e9e du patrimoine.<\/p>\n<p>Le questionnaire soumis aux habitants a \u00e9t\u00e9 d\u00e9pouill\u00e9. <a href=\"https:\/\/www.siteducerisier.fr\/cerisier\/Site%20CCLRBG\/RETOURS%20QUESTIONAIRE%20Compilation%20au%2031%20d%C3%A9cembre%202023.pdf\" target=\"_blank\" rel=\"noopener\">A lire<\/a>.<\/p>\n<p>Pour m\u00e9moire, retrouvez le dossier de la <a href=\"https:\/\/www.siteducerisier.fr\/cerisier\/Site%20CCLRBG\/Pr%C3%A9sentationRestaurationMaisonGergovie-E-1.pdf\" target=\"_blank\" rel=\"noopener\">maison Griffon \u00e0 Gergovie.<\/a><\/p>\n<h3>PLUi<\/h3>\n<h5 style=\"text-align: left;\">Nouveau PLUI adopt\u00e9 : l&#8217;enqu\u00eate publique va suivre&#8230; annonc\u00e9e en\u00a0 septembre : <a href=\"https:\/\/www.mond-arverne.fr\/actualites\/information-importante-enquete-publique-relative-au-plan-local-durbanisme-intercommunal-plui-de-mondarverne-communaute\/\">lire !<\/a><\/h5>\n<p><strong>24 avril 2025 :<\/strong>\u00a0 le conseil communautaire a arr\u00eat\u00e9, par d\u00e9lib\u00e9ration, la version d\u00e9finitive du projet de PLUI. Celui-ci est \u00e0 pr\u00e9sent soumis pour avis aux partenaires institutionnels. Suite \u00e0 cette consultation, se tiendra l\u2019enqu\u00eate publique qui permettra \u00e0 l\u2019ensemble des citoyens de prendre connaissance du projet et de faire part de leurs remarques et observations.<\/p>\n<p><strong>10 mars 2025 : <\/strong>\u00e9volution du calendrier &#8211; report de sa pr\u00e9sentation aux communes au mois d\u2019avril. Il sera soumis ensuite aux personnes publiques associ\u00e9es, puis<strong> enqu\u00eate publique report\u00e9e en septembre<\/strong>.\u00a0<strong><br \/><\/strong><\/p>\n<p>Un collectif d\u2019associations autour de questions environnementales sur le territoire de Mond\u2019Arverne s&#8217;est r\u00e9uni pour initier un travail sur le futur PLUi et pr\u00e9parer des \u00e9l\u00e9ments pour l&#8217;enqu\u00eate publique. Cette r\u00e9union portait en particulier sur la question des haies.<\/p>\n<p>Associations pr\u00e9sentes : Stop Urba Orcet, Vert Monton, Tralalart, Les Martres au vert, ADVEP (Vic le Comte), 3 gouttes d\u2019eau (St Maurice), Le lien Vert (St Georges), CCLRBG (La Roche Blanche).<\/p>\n<p><strong>3 d\u00e9cembre 2024 :<\/strong> Mond&#8217;Arverne Communaut\u00e9 a organis\u00e9 une r\u00e9union publique \u00e0 La Roche-Blanche. Un tr\u00e8s int\u00e9ressant expos\u00e9 a pr\u00e9sent\u00e9 ce qu&#8217;est un PLUi du point vue formel, mais pratiquement rien n&#8217;a \u00e9t\u00e9 dit sur ce que sera le contenu appliqu\u00e9 \u00e0 notre territoire. Il faut attendre l&#8217;approbation pour la mise en ligne du nouveau dossier (f\u00e9vrier 2025 ?) qui sera suivie d&#8217;une consultation des instances et du public en juin 2025&#8230; ou pendant l&#8217;\u00e9t\u00e9 ! Une <a href=\"https:\/\/www.siteducerisier.fr\/cerisier\/Site%20CCLRBG\/Monsieur%20le%20Maire_20241204_PLUi.pdf\" target=\"_blank\" rel=\"noopener\">lettre a \u00e9t\u00e9 envoy\u00e9e \u00e0 M. Le Maire<\/a> pour solliciter une communication de la municipalit\u00e9 sur les enjeux du PLUi pour notre commune.<\/p>\n<p><strong>Octobre 2024 :<\/strong> Depuis le rejet du projet de PLUi, pas de nouvelles. La communaut\u00e9 de communes a d\u00fb reprendre son dossier avec ou sans les experts qui l&#8217;avaient men\u00e9e \u00e0 un contenu rejet\u00e9. Une course le lenteur&#8230; jusqu&#8217;au prochaine \u00e9lections ? En attendant des projets bloqu\u00e9s.<\/p>\n<p><strong>F\u00e9vrier 2024 : <\/strong>Le PLUi d\u00e9pos\u00e9 par la Communaut\u00e9 de Communes n&#8217;a pas \u00e9t\u00e9 valid\u00e9 par les instances administratives : <a href=\"https:\/\/www.mond-arverne.fr\/actualites\/procedure-elaboration-plui-ajournee\/\" target=\"_blank\" rel=\"noopener\">il est ajourn\u00e9<\/a>. En cons\u00e9quence, le document est remis sur le chantier avec un retard qui sera sans doute de plus d&#8217;un an. A noter que M. Le Maire n&#8217;a pas jug\u00e9 utile de r\u00e9pondre \u00e0 notre demande d&#8217;une r\u00e9union d&#8217;information au niveau de la commune. <em>Circulez, il n&#8217;y a rien \u00e0 voir.<\/em><\/p>\n<p><strong>Novembre 2023 :<\/strong> Le <a href=\"https:\/\/www.mond-arverne.fr\/habiter-en-mondarverne\/urbanisme\/le-plan-local-durbanisme-intercommunal-plui\/documents-projet-plui\/\">Plan Local d&#8217;Urbanisme Intercommunal<\/a> de Mond&#8217;Arverne (PLUi)\u00a0 arrive dans ses derni\u00e8res phases avant son approbation d\u00e9finitive, une enqu\u00eate publique sera ouverte au d\u00e9but de 2024. Le PLUi engage l&#8217;avenir de la commune et le CCLRBG a sollicit\u00e9 <a href=\"https:\/\/www.siteducerisier.fr\/cerisier\/Site%20CCLRBG\/Monsieur%20le%20Maire_20231017_PLUi.pdf\">M. Le Maire<\/a> pour une r\u00e9union publique d&#8217;information des habitants. Nous esp\u00e9rons un retour positif qui permettra \u00e0 chacun d&#8217;intervenir si n\u00e9cessaire dans l&#8217;enqu\u00eate publique.<\/p>\n<p><a href=\"https:\/\/www.siteducerisier.fr\/cerisier\/Site%20CCLRBG\/AR-Zonage_LA-ROCHE-BLANCHE_aout-2023.pdf\">R\u00e8glement Graphique de la commune de La Roche-Blanche<\/a> :<em> fichier .pdf de grande dimension ! <\/em>(R\u00e8glement issu du dossier de 2023 non valid\u00e9).<em><br \/><\/em><\/p>\n<h3>Ferme de Sarli\u00e8ve<\/h3>\n<p><img loading=\"lazy\" decoding=\"async\" class=\"wp-image-178 alignleft\" src=\"https:\/\/siteducerisier.fr\/cclrbg\/wp-content\/uploads\/2025\/02\/Capture-decran-2025-02-04-110040.png\" alt=\"Ferme de Sarli\u00e8ve\" width=\"101\" height=\"103\" \/><\/p>\n<p>\u00a0<\/p>\n<p>CCLRBG est membre de la coop\u00e9rative de la <a href=\"https:\/\/fermedesarlieve.org\" target=\"_blank\" rel=\"noopener\">ferme de Sarli\u00e8ve<\/a>, bio, paysanne et citoyenne.<\/p>\n<h2>R\u00e9agissez !<\/h2>\n\n\n\n<p><strong>D\u00e9couvrez nos objectifs et nos valeurs dans notre <a href=\"https:\/\/www.siteducerisier.fr\/cerisier\/Site%20CCLRBG\/Collectif%20Citoyen%20LRBG%20-%20Charte%20%28sign%C3%A9%29.pdf\" target=\"_blank\" rel=\"noopener\">charte<\/a> et n&#8217;h\u00e9sitez pas \u00e0 nous interpeler en d\u00e9posant un message \u00e0 notre adresse de contact : <a href=\"mailto:collectifcitoyen-lrbg@orange.fr\">collectifcitoyen-lrbg@orange.fr<\/a><\/strong><\/p>\n<p>\u00a0<\/p>\n\n\n\n<p><\/p>\n","protected":false},"excerpt":{"rendered":"<p>Vous \u00eates sur le site du Collectif Citoyen La Roche-Blanche Gergovie, des citoyennes et des citoyens de la commune qui souhaitent s&#8217;investir et \u00eatre force de proposition. Quatre dossiers \u00e0 parcourir ci-dessous : Maison Griffon (visite virtuelle de la Maison Griffon). Plan local d&#8217;Urbanisme intercommunautaire (au point mort). Ferme de Sarli\u00e8ve. Qui sommes-nous ? &#8211; &hellip; <a href=\"https:\/\/siteducerisier.fr\/cclrbg\/\" class=\"more-link\">Continue reading<span class=\"screen-reader-text\"> &#8220;Bienvenue !&#8221;<\/span><\/a><\/p>\n","protected":false},"author":2,"featured_media":0,"parent":0,"menu_order":0,"comment_status":"closed","ping_status":"closed","template":"","meta":{"footnotes":""},"class_list":["post-11","page","type-page","status-publish","hentry"],"_links":{"self":[{"href":"https:\/\/siteducerisier.fr\/cclrbg\/index.php\/wp-json\/wp\/v2\/pages\/11","targetHints":{"allow":["GET"]}}],"collection":[{"href":"https:\/\/siteducerisier.fr\/cclrbg\/index.php\/wp-json\/wp\/v2\/pages"}],"about":[{"href":"https:\/\/siteducerisier.fr\/cclrbg\/index.php\/wp-json\/wp\/v2\/types\/page"}],"author":[{"embeddable":true,"href":"https:\/\/siteducerisier.fr\/cclrbg\/index.php\/wp-json\/wp\/v2\/users\/2"}],"replies":[{"embeddable":true,"href":"https:\/\/siteducerisier.fr\/cclrbg\/index.php\/wp-json\/wp\/v2\/comments?post=11"}],"version-history":[{"count":81,"href":"https:\/\/siteducerisier.fr\/cclrbg\/index.php\/wp-json\/wp\/v2\/pages\/11\/revisions"}],"predecessor-version":[{"id":223,"href":"https:\/\/siteducerisier.fr\/cclrbg\/index.php\/wp-json\/wp\/v2\/pages\/11\/revisions\/223"}],"wp:attachment":[{"href":"https:\/\/siteducerisier.fr\/cclrbg\/index.php\/wp-json\/wp\/v2\/media?parent=11"}],"curies":[{"name":"wp","href":"https:\/\/api.w.org\/{rel}","templated":true}]}}